{"id":72,"date":"2018-01-10T22:09:36","date_gmt":"2018-01-10T21:09:36","guid":{"rendered":"http:\/\/arclab-studio.com\/?page_id=72"},"modified":"2025-05-08T19:23:23","modified_gmt":"2025-05-08T17:23:23","slug":"about","status":"publish","type":"page","link":"https:\/\/arclab-studio.com\/en\/about\/","title":{"rendered":"About"},"content":{"rendered":"<section class=\"l-section wpb_row height_huge with_img parallax_fixed\"><div class=\"l-section-img\" role=\"img\" aria-label=\"Image\" data-img-width=\"2560\" data-img-height=\"1440\" style=\"background-image: url(https:\/\/arclab-studio.com\/wp-content\/uploads\/IMG_1389-scaled.jpg);background-position: center right;background-repeat: no-repeat;\"><\/div><div class=\"l-section-h i-cf\"><div class=\"g-cols vc_row via_flex valign_middle type_default stacking_default\"><div class=\"vc_col-sm-12 wpb_column vc_column_container\"><div class=\"vc_column-inner us_custom_22851d8c us_animate_this\"><div class=\"wpb_wrapper\"><div class=\"w-separator size_huge\"><\/div><div class=\"w-separator size_huge\"><\/div><\/div><\/div><\/div><\/div><\/div><\/section><section class=\"l-section wpb_row height_auto with_img parallax_ver with_shape\"><div class=\"l-section-img\" role=\"img\" aria-label=\"Image\" data-img-width=\"4029\" data-img-height=\"2266\" style=\"background-image: url(https:\/\/arclab-studio.com\/wp-content\/uploads\/mastering1.jpg);\"><\/div><div class=\"l-section-overlay\" style=\"background:rgba(0,0,0,0.95)\"><\/div><div class=\"l-section-shape type_curve-inv pos_top\" style=\"height:1%;color:#000000\"><svg xmlns=\"http:\/\/www.w3.org\/2000\/svg\" viewbox=\"0 8 64 8\" preserveaspectratio=\"none\" width=\"100%\" height=\"100%\">\r\n\t<path fill=\"currentColor\" d=\"M64 15.9 Q32 0.4 0 15.9 L0 18 L64 18 Z\"\/>\r\n<\/svg><\/div><div class=\"l-section-shape type_curve-inv pos_bottom\" style=\"height:1%;color:#000000\"><svg xmlns=\"http:\/\/www.w3.org\/2000\/svg\" viewbox=\"0 8 64 8\" preserveaspectratio=\"none\" width=\"100%\" height=\"100%\">\r\n\t<path fill=\"currentColor\" d=\"M64 15.9 Q32 0.4 0 15.9 L0 18 L64 18 Z\"\/>\r\n<\/svg><\/div><div class=\"l-section-h i-cf\"><div class=\"g-cols vc_row via_flex valign_top type_default stacking_default\"><div class=\"vc_col-sm-3 wpb_column vc_column_container\"><div class=\"vc_column-inner\"><div class=\"wpb_wrapper\"><div class=\"w-separator size_small\"><\/div>\n\t<div  class=\"wpb_single_image wpb_content_element vc_align_center wpb_content_element wpb_animate_when_almost_visible wpb_fadeIn fadeIn\">\n\t\t<h2 class=\"wpb_heading wpb_singleimage_heading\">Leon B\u00f6lting<\/h2>\n\t\t<figure class=\"wpb_wrapper vc_figure\">\n\t\t\t<div class=\"vc_single_image-wrapper vc_box_shadow_border  vc_box_border_grey\"><img loading=\"lazy\" decoding=\"async\" width=\"400\" height=\"400\" src=\"https:\/\/arclab-studio.com\/wp-content\/uploads\/Tangram_Arclab_Website-400x400.jpg\" class=\"vc_single_image-img attachment-medium\" alt=\"\" title=\"Tangram_Arclab_Website\" srcset=\"https:\/\/arclab-studio.com\/wp-content\/uploads\/Tangram_Arclab_Website-400x400.jpg 400w, https:\/\/arclab-studio.com\/wp-content\/uploads\/Tangram_Arclab_Website-1024x1024.jpg 1024w, https:\/\/arclab-studio.com\/wp-content\/uploads\/Tangram_Arclab_Website-150x150.jpg 150w, https:\/\/arclab-studio.com\/wp-content\/uploads\/Tangram_Arclab_Website-12x12.jpg 12w, https:\/\/arclab-studio.com\/wp-content\/uploads\/Tangram_Arclab_Website-455x455.jpg 455w, https:\/\/arclab-studio.com\/wp-content\/uploads\/Tangram_Arclab_Website-250x250.jpg 250w, https:\/\/arclab-studio.com\/wp-content\/uploads\/Tangram_Arclab_Website-768x768.jpg 768w\" sizes=\"auto, (max-width: 400px) 100vw, 400px\" \/><\/div>\n\t\t<\/figure>\n\t<\/div>\n<\/div><\/div><\/div><div class=\"vc_col-sm-3 wpb_column vc_column_container\"><div class=\"vc_column-inner us_custom_ef014360 us_animate_this\"><div class=\"wpb_wrapper\"><div class=\"w-separator size_small\"><\/div><div class=\"wpb_text_column\"><div class=\"wpb_wrapper\"><p><span style=\"color: #ffffff; font-size: 18pt;\">With over a decade of experience in the music industry, endless studio sessions and various musical releases internationally, he has developed a keen ear for the intricacies of music. Right from the start there was great interest in the technical aspects of sound &amp; recording, so enthusiasm for the various facets of music mastering quickly developed.<\/span><\/p>\n<\/div><\/div><div class=\"w-separator size_small\"><\/div><\/div><\/div><\/div><div class=\"vc_col-sm-3 wpb_column vc_column_container\"><div class=\"vc_column-inner\"><div class=\"wpb_wrapper\"><div class=\"w-separator size_small\"><\/div><div class=\"w-separator size_small\"><\/div><\/div><\/div><\/div><div class=\"vc_col-sm-3 wpb_column vc_column_container\"><div class=\"vc_column-inner us_custom_edd1f562 us_animate_this\"><div class=\"wpb_wrapper\"><div class=\"w-separator size_huge\"><\/div><div class=\"w-separator size_small\"><\/div><div class=\"w-separator size_small\"><\/div><div class=\"w-separator size_small\"><\/div><div class=\"wpb_text_column\"><div class=\"wpb_wrapper\"><p style=\"text-align: center;\"><span style=\"font-size: 18pt; color: #ffffff;\">\"With empathy, as if it were your own music, put the finishing touches to it.\"<\/span><\/p>\n<p>\u00a0<\/p>\n<\/div><\/div><div class=\"w-separator size_small\"><\/div><div class=\"w-separator size_small\"><\/div><\/div><\/div><\/div><\/div><\/div><\/section>","protected":false},"excerpt":{"rendered":"Leon B\u00f6lting Mit \u00fcber einem Jahrzehnt Erfahrung in der Musikbranche, endlosen Studio Sessions und diversen musikalischen Ver\u00f6ffentlichungen auf internationaler Ebene hat er ein sicheres Geh\u00f6r f\u00fcr die Feinheiten von Musik entwickelt. Von Anfang an bestand ein gro\u00dfes Interesse f\u00fcr die technischen Aspekte von Sound &amp; Recording, so entwickelte sich schnell eine Begeisterung f\u00fcr die verschiedenen...","protected":false},"author":1,"featured_media":0,"parent":0,"menu_order":0,"comment_status":"closed","ping_status":"closed","template":"","meta":{"footnotes":""},"class_list":["post-72","page","type-page","status-publish","hentry"],"yoast_head":"<!-- This site is optimized with the Yoast SEO plugin v27.3 - https:\/\/yoast.com\/product\/yoast-seo-wordpress\/ -->\n<title>About - Arclab - Mastering &amp; Sound Design<\/title>\n<meta name=\"robots\" content=\"index, follow, max-snippet:-1, max-image-preview:large, max-video-preview:-1\" \/>\n<link rel=\"canonical\" href=\"https:\/\/arclab-studio.com\/en\/about\/\" \/>\n<meta property=\"og:locale\" content=\"en_US\" \/>\n<meta property=\"og:type\" content=\"article\" \/>\n<meta property=\"og:title\" content=\"About - Arclab - Mastering &amp; Sound Design\" \/>\n<meta property=\"og:url\" content=\"https:\/\/arclab-studio.com\/en\/about\/\" \/>\n<meta property=\"og:site_name\" content=\"Arclab - Mastering &amp; Sound Design\" \/>\n<meta property=\"article:modified_time\" content=\"2025-05-08T17:23:23+00:00\" \/>\n<meta property=\"og:image\" content=\"https:\/\/arclab-studio.com\/wp-content\/uploads\/NEU4-scaled.jpg\" \/>\n\t<meta property=\"og:image:width\" content=\"2560\" \/>\n\t<meta property=\"og:image:height\" content=\"1440\" \/>\n\t<meta property=\"og:image:type\" content=\"image\/jpeg\" \/>\n<meta name=\"twitter:card\" content=\"summary_large_image\" \/>\n<meta name=\"twitter:label1\" content=\"Est. reading time\" \/>\n\t<meta name=\"twitter:data1\" content=\"1 minute\" \/>\n<script type=\"application\/ld+json\" class=\"yoast-schema-graph\">{\"@context\":\"https:\\\/\\\/schema.org\",\"@graph\":[{\"@type\":\"WebPage\",\"@id\":\"https:\\\/\\\/arclab-studio.com\\\/about\\\/\",\"url\":\"https:\\\/\\\/arclab-studio.com\\\/about\\\/\",\"name\":\"About - Arclab - Mastering &amp; Sound Design\",\"isPartOf\":{\"@id\":\"https:\\\/\\\/arclab-studio.com\\\/#website\"},\"datePublished\":\"2018-01-10T21:09:36+00:00\",\"dateModified\":\"2025-05-08T17:23:23+00:00\",\"breadcrumb\":{\"@id\":\"https:\\\/\\\/arclab-studio.com\\\/about\\\/#breadcrumb\"},\"inLanguage\":\"en-US\",\"potentialAction\":[{\"@type\":\"ReadAction\",\"target\":[\"https:\\\/\\\/arclab-studio.com\\\/about\\\/\"]}]},{\"@type\":\"BreadcrumbList\",\"@id\":\"https:\\\/\\\/arclab-studio.com\\\/about\\\/#breadcrumb\",\"itemListElement\":[{\"@type\":\"ListItem\",\"position\":1,\"name\":\"Startseite\",\"item\":\"https:\\\/\\\/arclab-studio.com\\\/\"},{\"@type\":\"ListItem\",\"position\":2,\"name\":\"About\"}]},{\"@type\":\"WebSite\",\"@id\":\"https:\\\/\\\/arclab-studio.com\\\/#website\",\"url\":\"https:\\\/\\\/arclab-studio.com\\\/\",\"name\":\"Arclab - Mastering &amp; Sound Design\",\"description\":\"Professionelles Tonstudio, spezialisiert auf Mastering, Sound Design &amp; Sprachaufnahmen. Handgemachtes analog Mastering durch echte R\u00f6hrentechnik und High-End Wandler mit mehr als 10 Jahren Erfahrung in der Musikbranche.\",\"publisher\":{\"@id\":\"https:\\\/\\\/arclab-studio.com\\\/#organization\"},\"potentialAction\":[{\"@type\":\"SearchAction\",\"target\":{\"@type\":\"EntryPoint\",\"urlTemplate\":\"https:\\\/\\\/arclab-studio.com\\\/?s={search_term_string}\"},\"query-input\":{\"@type\":\"PropertyValueSpecification\",\"valueRequired\":true,\"valueName\":\"search_term_string\"}}],\"inLanguage\":\"en-US\"},{\"@type\":\"Organization\",\"@id\":\"https:\\\/\\\/arclab-studio.com\\\/#organization\",\"name\":\"Arclab - Mastering & Sound Design\",\"url\":\"https:\\\/\\\/arclab-studio.com\\\/\",\"logo\":{\"@type\":\"ImageObject\",\"inLanguage\":\"en-US\",\"@id\":\"https:\\\/\\\/arclab-studio.com\\\/#\\\/schema\\\/logo\\\/image\\\/\",\"url\":\"https:\\\/\\\/arclab-studio.com\\\/wp-content\\\/uploads\\\/Arclab-Website.png\",\"contentUrl\":\"https:\\\/\\\/arclab-studio.com\\\/wp-content\\\/uploads\\\/Arclab-Website.png\",\"width\":329,\"height\":98,\"caption\":\"Arclab - Mastering & Sound Design\"},\"image\":{\"@id\":\"https:\\\/\\\/arclab-studio.com\\\/#\\\/schema\\\/logo\\\/image\\\/\"},\"sameAs\":[\"https:\\\/\\\/www.instagram.com\\\/arclab_mastering\\\/\"]}]}<\/script>\n<!-- \/ Yoast SEO plugin. -->","yoast_head_json":{"title":"About - Arclab - Mastering &amp; Sound Design","robots":{"index":"index","follow":"follow","max-snippet":"max-snippet:-1","max-image-preview":"max-image-preview:large","max-video-preview":"max-video-preview:-1"},"canonical":"https:\/\/arclab-studio.com\/en\/about\/","og_locale":"en_US","og_type":"article","og_title":"About - Arclab - Mastering &amp; Sound Design","og_url":"https:\/\/arclab-studio.com\/en\/about\/","og_site_name":"Arclab - Mastering &amp; Sound Design","article_modified_time":"2025-05-08T17:23:23+00:00","og_image":[{"width":2560,"height":1440,"url":"https:\/\/arclab-studio.com\/wp-content\/uploads\/NEU4-scaled.jpg","type":"image\/jpeg"}],"twitter_card":"summary_large_image","twitter_misc":{"Est. reading time":"1 minute"},"schema":{"@context":"https:\/\/schema.org","@graph":[{"@type":"WebPage","@id":"https:\/\/arclab-studio.com\/about\/","url":"https:\/\/arclab-studio.com\/about\/","name":"About - Arclab - Mastering &amp; Sound Design","isPartOf":{"@id":"https:\/\/arclab-studio.com\/#website"},"datePublished":"2018-01-10T21:09:36+00:00","dateModified":"2025-05-08T17:23:23+00:00","breadcrumb":{"@id":"https:\/\/arclab-studio.com\/about\/#breadcrumb"},"inLanguage":"en-US","potentialAction":[{"@type":"ReadAction","target":["https:\/\/arclab-studio.com\/about\/"]}]},{"@type":"BreadcrumbList","@id":"https:\/\/arclab-studio.com\/about\/#breadcrumb","itemListElement":[{"@type":"ListItem","position":1,"name":"Startseite","item":"https:\/\/arclab-studio.com\/"},{"@type":"ListItem","position":2,"name":"About"}]},{"@type":"WebSite","@id":"https:\/\/arclab-studio.com\/#website","url":"https:\/\/arclab-studio.com\/","name":"Arclab - Mastering &amp; Sound Design","description":"Professionelles Tonstudio, spezialisiert auf Mastering, Sound Design &amp; Sprachaufnahmen. Handgemachtes analog Mastering durch echte R\u00f6hrentechnik und High-End Wandler mit mehr als 10 Jahren Erfahrung in der Musikbranche.","publisher":{"@id":"https:\/\/arclab-studio.com\/#organization"},"potentialAction":[{"@type":"SearchAction","target":{"@type":"EntryPoint","urlTemplate":"https:\/\/arclab-studio.com\/?s={search_term_string}"},"query-input":{"@type":"PropertyValueSpecification","valueRequired":true,"valueName":"search_term_string"}}],"inLanguage":"en-US"},{"@type":"Organization","@id":"https:\/\/arclab-studio.com\/#organization","name":"Arclab - Mastering & Sound Design","url":"https:\/\/arclab-studio.com\/","logo":{"@type":"ImageObject","inLanguage":"en-US","@id":"https:\/\/arclab-studio.com\/#\/schema\/logo\/image\/","url":"https:\/\/arclab-studio.com\/wp-content\/uploads\/Arclab-Website.png","contentUrl":"https:\/\/arclab-studio.com\/wp-content\/uploads\/Arclab-Website.png","width":329,"height":98,"caption":"Arclab - Mastering & Sound Design"},"image":{"@id":"https:\/\/arclab-studio.com\/#\/schema\/logo\/image\/"},"sameAs":["https:\/\/www.instagram.com\/arclab_mastering\/"]}]}},"_links":{"self":[{"href":"https:\/\/arclab-studio.com\/en\/wp-json\/wp\/v2\/pages\/72","targetHints":{"allow":["GET"]}}],"collection":[{"href":"https:\/\/arclab-studio.com\/en\/wp-json\/wp\/v2\/pages"}],"about":[{"href":"https:\/\/arclab-studio.com\/en\/wp-json\/wp\/v2\/types\/page"}],"author":[{"embeddable":true,"href":"https:\/\/arclab-studio.com\/en\/wp-json\/wp\/v2\/users\/1"}],"replies":[{"embeddable":true,"href":"https:\/\/arclab-studio.com\/en\/wp-json\/wp\/v2\/comments?post=72"}],"version-history":[{"count":9,"href":"https:\/\/arclab-studio.com\/en\/wp-json\/wp\/v2\/pages\/72\/revisions"}],"predecessor-version":[{"id":3520,"href":"https:\/\/arclab-studio.com\/en\/wp-json\/wp\/v2\/pages\/72\/revisions\/3520"}],"wp:attachment":[{"href":"https:\/\/arclab-studio.com\/en\/wp-json\/wp\/v2\/media?parent=72"}],"curies":[{"name":"wp","href":"https:\/\/api.w.org\/{rel}","templated":true}]}}