{"id":334,"date":"2018-01-11T19:39:19","date_gmt":"2018-01-11T18:39:19","guid":{"rendered":"http:\/\/arclab-studio.com\/?page_id=334"},"modified":"2024-07-15T13:06:25","modified_gmt":"2024-07-15T11:06:25","slug":"impressum","status":"publish","type":"page","link":"https:\/\/arclab-studio.com\/en\/impressum\/","title":{"rendered":"Impressum"},"content":{"rendered":"<section class=\"l-section wpb_row height_medium full_height valign_top with_img\"><div class=\"l-section-img\" role=\"img\" aria-label=\"Image\" data-img-width=\"1919\" data-img-height=\"2560\" style=\"background-image: url(https:\/\/arclab-studio.com\/wp-content\/uploads\/NEU8-scaled.jpg);background-repeat: no-repeat;\"><\/div><div class=\"l-section-overlay\" style=\"background:rgba(0,0,0,0.5)\"><\/div><div class=\"l-section-h i-cf\"><div class=\"g-cols vc_row via_flex valign_middle type_default stacking_default\"><div class=\"vc_col-sm-2 wpb_column vc_column_container\"><div class=\"vc_column-inner\"><div class=\"wpb_wrapper\"><\/div><\/div><\/div><div class=\"vc_col-sm-8 wpb_column vc_column_container has_bg_color\"><div class=\"vc_column-inner us_custom_f934f6b7\"><div class=\"wpb_wrapper\"><div class=\"wpb_text_column\"><div class=\"wpb_wrapper\"><h1><span style=\"color: #ffffff;\">Impressum<\/span><\/h1>\n<p><span style=\"font-size: 12pt; color: #ffffff;\">Leon B\u00f6lting<\/span><br \/>\n<span style=\"font-size: 12pt; color: #ffffff;\">Boisser\u00e9estr. 13<\/span><br \/>\n<span style=\"font-size: 12pt; color: #ffffff;\">50674 K\u00f6ln<\/span><br \/>\n<span style=\"color: #ffffff;\">Deutschland<\/span><\/p>\n<p><span style=\"font-size: 18pt; color: #ffffff;\"><strong>Kontakt<\/strong><\/span><br \/>\n<span style=\"color: #ffffff;\"><a style=\"color: #ffffff;\" href=\"mailto:info@arclab-studio.com\">info@arclab-studio.com<\/a><\/span><\/p>\n<h2><span style=\"font-size: 14pt; color: #ffffff;\">HAFTUNGSAUSSCHUSS (DISCLAIMER)<\/span><\/h2>\n<p><span style=\"color: #ffffff;\"><em>Haftung f\u00fcr Inhalte<\/em><\/span><\/p>\n<p><span style=\"color: #ffffff;\">Als Diensteanbieter sind wir gem\u00e4\u00df \u00a7 7 Abs.1 TMG f\u00fcr eigene Inhalte auf diesen Seiten nach den allgemeinen Gesetzen verantwortlich. Nach \u00a7\u00a7 8 bis 10 TMG sind wir als Diensteanbieter jedoch nicht verpflichtet, \u00fcbermittelte oder gespeicherte fremde Informationen zu \u00fcberwachen oder nach Umst\u00e4nden zu forschen, die auf eine rechtswidrige T\u00e4tigkeit hinweisen. Verpflichtungen zur Entfernung oder Sperrung der Nutzung von Informationen nach den allgemeinen Gesetzen bleiben hiervon unber\u00fchrt. Eine diesbez\u00fcgliche Haftung ist jedoch erst ab dem Zeitpunkt der Kenntnis einer konkreten Rechtsverletzung m\u00f6glich. Bei Bekanntwerden von entsprechenden Rechtsverletzungen werden wir diese Inhalte umgehend entfernen.<\/span><\/p>\n<p><span style=\"color: #ffffff;\"><em>Haftung f\u00fcr Links<\/em><\/span><\/p>\n<p><span style=\"color: #ffffff;\">Unser Angebot enth\u00e4lt Links zu externen Webseiten Dritter, auf deren Inhalte wir keinen Einfluss haben. Deshalb k\u00f6nnen wir f\u00fcr diese fremden Inhalte auch keine Gew\u00e4hr \u00fcbernehmen. F\u00fcr die Inhalte der verlinkten Seiten ist stets der jeweilige Anbieter oder Betreiber der Seiten verantwortlich. Die verlinkten Seiten wurden zum Zeitpunkt der Verlinkung auf m\u00f6gliche Rechtsverst\u00f6\u00dfe \u00fcberpr\u00fcft. Rechtswidrige Inhalte waren zum Zeitpunkt der Verlinkung nicht erkennbar. Eine permanente inhaltliche Kontrolle der verlinkten Seiten ist jedoch ohne konkrete Anhaltspunkte einer Rechtsverletzung nicht zumutbar. Bei Bekanntwerden von Rechtsverletzungen werden wir derartige Links umgehend entfernen.<\/span><\/p>\n<p><span style=\"color: #ffffff;\"><em>Urheberrecht<\/em><\/span><\/p>\n<p><span style=\"color: #ffffff;\">Die durch die Seitenbetreiber erstellten Inhalte und Werke auf diesen Seiten unterliegen dem deutschen Urheberrecht. Die Vervielf\u00e4ltigung, Bearbeitung, Verbreitung und jede Art der Verwertung au\u00dferhalb der Grenzen des Urheberrechtes bed\u00fcrfen der schriftlichen Zustimmung des jeweiligen Autors bzw. Erstellers. Downloads und Kopien dieser Seite sind nur f\u00fcr den privaten, nicht kommerziellen Gebrauch gestattet. Soweit die Inhalte auf dieser Seite nicht vom Betreiber erstellt wurden, werden die Urheberrechte Dritter beachtet. Insbesondere werden Inhalte Dritter als solche gekennzeichnet. Sollten Sie trotzdem auf eine Urheberrechtsverletzung aufmerksam werden, bitten wir um einen entsprechenden Hinweis. Bei Bekanntwerden von Rechtsverletzungen werden wir derartige Inhalte umgehend entfernen.<\/span><\/p>\n<h2><span style=\"font-size: 14pt; color: #ffffff;\">DATENSCHUTZERKL\u00c4RUNG<\/span><\/h2>\n<p><span style=\"color: #ffffff;\"><em>Datenschutz<\/em><\/span><\/p>\n<p><span style=\"color: #ffffff;\">Die Nutzung unserer Webseite ist in der Regel ohne Angabe personenbezogener Daten m\u00f6glich. Soweit auf unseren Seiten personenbezogene Daten (beispielsweise Name, Anschrift oder eMail-Adressen) erhoben werden, erfolgt dies, soweit m\u00f6glich, stets auf freiwilliger Basis. Diese Daten werden ohne Ihre ausdr\u00fcckliche Zustimmung nicht an Dritte weitergegeben.\u2028 Wir weisen darauf hin, dass die Daten\u00fcbertragung im Internet (z.B. bei der Kommunikation per E-Mail) Sicherheitsl\u00fccken aufweisen kann. Ein l\u00fcckenloser Schutz der Daten vor dem Zugriff durch Dritte ist nicht m\u00f6glich.\u2028Der Nutzung von im Rahmen der Impressumspflicht ver\u00f6ffentlichten Kontaktdaten durch Dritte zur \u00dcbersendung von nicht ausdr\u00fccklich angeforderter Werbung und Informationsmaterialien wird hiermit ausdr\u00fccklich widersprochen. Die Betreiber der Seiten behalten sich ausdr\u00fccklich rechtliche Schritte im Falle der unverlangten Zusendung von Werbeinformationen, etwa durch Spam-Mails, vor.<\/span><\/p>\n<p><span style=\"color: #ffffff;\"><em>Datenschutzerkl\u00e4rung f\u00fcr die Nutzung von Google Analytics<\/em><\/span><\/p>\n<p><span style=\"color: #ffffff;\">Diese Website benutzt Google Analytics, einen Webanalysedienst der Google Inc. (\u201cGoogle\u201d). Google Analytics verwendet sog. \u201cCookies\u201d, Textdateien, die auf Ihrem Computer gespeichert werden und die eine Analyse der Benutzung der Website durch Sie erm\u00f6glichen. Die durch den Cookie erzeugten Informationen \u00fcber Ihre Benutzung dieser Website werden in der Regel an einen Server von Google in den USA \u00fcbertragen und dort gespeichert. Im Falle der Aktivierung der IP-Anonymisierung auf dieser Webseite wird Ihre IP-Adresse von Google jedoch innerhalb von Mitgliedstaaten der Europ\u00e4ischen Union oder in anderen Vertragsstaaten des Abkommens \u00fcber den Europ\u00e4ischen Wirtschaftsraum zuvor gek\u00fcrzt.<\/span><\/p>\n<p><span style=\"color: #ffffff;\">Nur in Ausnahmef\u00e4llen wird die volle IP-Adresse an einen Server von Google in den USA \u00fcbertragen und dort gek\u00fcrzt. Im Auftrag des Betreibers dieser Website wird Google diese Informationen benutzen, um Ihre Nutzung der Website auszuwerten, um Reports \u00fcber die Websiteaktivit\u00e4ten zusammenzustellen und um weitere mit der Websitenutzung und der Internetnutzung verbundene Dienstleistungen gegen\u00fcber dem Websitebetreiber zu erbringen. Die im Rahmen von Google Analytics von Ihrem Browser \u00fcbermittelte IP-Adresse wird nicht mit anderen Daten von Google zusammengef\u00fchrt.\u2028 Sie k\u00f6nnen die Speicherung der Cookies durch eine entsprechende Einstellung Ihrer Browser-Software verhindern; wir weisen Sie jedoch darauf hin, dass Sie in diesem Fall gegebenenfalls nicht s\u00e4mtliche Funktionen dieser Website vollumf\u00e4nglich werden nutzen k\u00f6nnen. Sie k\u00f6nnen dar\u00fcber hinaus die Erfassung der durch das Cookie erzeugten und auf Ihre Nutzung der Website bezogenen Daten (inkl. Ihrer IP-Adresse) an Google sowie die Verarbeitung dieser Daten durch Google verhindern, indem sie das unter dem folgenden Link verf\u00fcgbare Browser-Plugin herunterladen und installieren: http:\/\/tools.google.com\/dlpage\/gaoptout?hl=de.<\/span><\/p>\n<\/div><\/div><\/div><\/div><\/div><div class=\"vc_col-sm-2 wpb_column vc_column_container\"><div class=\"vc_column-inner\"><div class=\"wpb_wrapper\"><\/div><\/div><\/div><\/div><\/div><\/section>","protected":false},"excerpt":{"rendered":"Impressum Leon B\u00f6lting Boisser\u00e9estr. 13 50674 K\u00f6ln Deutschland Kontakt info@arclab-studio.com HAFTUNGSAUSSCHUSS (DISCLAIMER) Haftung f\u00fcr Inhalte Als Diensteanbieter sind wir gem\u00e4\u00df \u00a7 7 Abs.1 TMG f\u00fcr eigene Inhalte auf diesen Seiten nach den allgemeinen Gesetzen verantwortlich. Nach \u00a7\u00a7 8 bis 10 TMG sind wir als Diensteanbieter jedoch nicht verpflichtet, \u00fcbermittelte oder gespeicherte fremde Informationen zu \u00fcberwachen...","protected":false},"author":1,"featured_media":0,"parent":0,"menu_order":0,"comment_status":"closed","ping_status":"closed","template":"","meta":{"footnotes":""},"class_list":["post-334","page","type-page","status-publish","hentry"],"yoast_head":"<!-- This site is optimized with the Yoast SEO plugin v27.4 - https:\/\/yoast.com\/product\/yoast-seo-wordpress\/ -->\n<title>Impressum - Arclab - Mastering &amp; Sound Design<\/title>\n<meta name=\"robots\" content=\"index, follow, max-snippet:-1, max-image-preview:large, max-video-preview:-1\" \/>\n<link rel=\"canonical\" href=\"https:\/\/arclab-studio.com\/en\/impressum\/\" \/>\n<meta property=\"og:locale\" content=\"en_US\" \/>\n<meta property=\"og:type\" content=\"article\" \/>\n<meta property=\"og:title\" content=\"Impressum - Arclab - Mastering &amp; Sound Design\" \/>\n<meta property=\"og:url\" content=\"https:\/\/arclab-studio.com\/en\/impressum\/\" \/>\n<meta property=\"og:site_name\" content=\"Arclab - Mastering &amp; Sound Design\" \/>\n<meta property=\"article:modified_time\" content=\"2024-07-15T11:06:25+00:00\" \/>\n<meta property=\"og:image\" content=\"https:\/\/arclab-studio.com\/wp-content\/uploads\/NEU4-scaled.jpg\" \/>\n\t<meta property=\"og:image:width\" content=\"2560\" \/>\n\t<meta property=\"og:image:height\" content=\"1440\" \/>\n\t<meta property=\"og:image:type\" content=\"image\/jpeg\" \/>\n<meta name=\"twitter:card\" content=\"summary_large_image\" \/>\n<meta name=\"twitter:label1\" content=\"Est. reading time\" \/>\n\t<meta name=\"twitter:data1\" content=\"4 minutes\" \/>\n<script type=\"application\/ld+json\" class=\"yoast-schema-graph\">{\"@context\":\"https:\\\/\\\/schema.org\",\"@graph\":[{\"@type\":\"WebPage\",\"@id\":\"https:\\\/\\\/arclab-studio.com\\\/impressum\\\/\",\"url\":\"https:\\\/\\\/arclab-studio.com\\\/impressum\\\/\",\"name\":\"Impressum - Arclab - Mastering &amp; Sound Design\",\"isPartOf\":{\"@id\":\"https:\\\/\\\/arclab-studio.com\\\/#website\"},\"datePublished\":\"2018-01-11T18:39:19+00:00\",\"dateModified\":\"2024-07-15T11:06:25+00:00\",\"breadcrumb\":{\"@id\":\"https:\\\/\\\/arclab-studio.com\\\/impressum\\\/#breadcrumb\"},\"inLanguage\":\"en-US\",\"potentialAction\":[{\"@type\":\"ReadAction\",\"target\":[\"https:\\\/\\\/arclab-studio.com\\\/impressum\\\/\"]}]},{\"@type\":\"BreadcrumbList\",\"@id\":\"https:\\\/\\\/arclab-studio.com\\\/impressum\\\/#breadcrumb\",\"itemListElement\":[{\"@type\":\"ListItem\",\"position\":1,\"name\":\"Startseite\",\"item\":\"https:\\\/\\\/arclab-studio.com\\\/\"},{\"@type\":\"ListItem\",\"position\":2,\"name\":\"Impressum\"}]},{\"@type\":\"WebSite\",\"@id\":\"https:\\\/\\\/arclab-studio.com\\\/#website\",\"url\":\"https:\\\/\\\/arclab-studio.com\\\/\",\"name\":\"Arclab - Mastering &amp; Sound Design\",\"description\":\"Professionelles Tonstudio, spezialisiert auf Mastering, Sound Design &amp; Sprachaufnahmen. Handgemachtes analog Mastering durch echte R\u00f6hrentechnik und High-End Wandler mit mehr als 10 Jahren Erfahrung in der Musikbranche.\",\"publisher\":{\"@id\":\"https:\\\/\\\/arclab-studio.com\\\/#organization\"},\"potentialAction\":[{\"@type\":\"SearchAction\",\"target\":{\"@type\":\"EntryPoint\",\"urlTemplate\":\"https:\\\/\\\/arclab-studio.com\\\/?s={search_term_string}\"},\"query-input\":{\"@type\":\"PropertyValueSpecification\",\"valueRequired\":true,\"valueName\":\"search_term_string\"}}],\"inLanguage\":\"en-US\"},{\"@type\":\"Organization\",\"@id\":\"https:\\\/\\\/arclab-studio.com\\\/#organization\",\"name\":\"Arclab - Mastering & Sound Design\",\"url\":\"https:\\\/\\\/arclab-studio.com\\\/\",\"logo\":{\"@type\":\"ImageObject\",\"inLanguage\":\"en-US\",\"@id\":\"https:\\\/\\\/arclab-studio.com\\\/#\\\/schema\\\/logo\\\/image\\\/\",\"url\":\"https:\\\/\\\/arclab-studio.com\\\/wp-content\\\/uploads\\\/Arclab-Website.png\",\"contentUrl\":\"https:\\\/\\\/arclab-studio.com\\\/wp-content\\\/uploads\\\/Arclab-Website.png\",\"width\":329,\"height\":98,\"caption\":\"Arclab - Mastering & Sound Design\"},\"image\":{\"@id\":\"https:\\\/\\\/arclab-studio.com\\\/#\\\/schema\\\/logo\\\/image\\\/\"},\"sameAs\":[\"https:\\\/\\\/www.instagram.com\\\/arclab_mastering\\\/\"]}]}<\/script>\n<!-- \/ Yoast SEO plugin. -->","yoast_head_json":{"title":"Impressum - Arclab - Mastering &amp; Sound Design","robots":{"index":"index","follow":"follow","max-snippet":"max-snippet:-1","max-image-preview":"max-image-preview:large","max-video-preview":"max-video-preview:-1"},"canonical":"https:\/\/arclab-studio.com\/en\/impressum\/","og_locale":"en_US","og_type":"article","og_title":"Impressum - Arclab - Mastering &amp; Sound Design","og_url":"https:\/\/arclab-studio.com\/en\/impressum\/","og_site_name":"Arclab - Mastering &amp; Sound Design","article_modified_time":"2024-07-15T11:06:25+00:00","og_image":[{"width":2560,"height":1440,"url":"https:\/\/arclab-studio.com\/wp-content\/uploads\/NEU4-scaled.jpg","type":"image\/jpeg"}],"twitter_card":"summary_large_image","twitter_misc":{"Est. reading time":"4 minutes"},"schema":{"@context":"https:\/\/schema.org","@graph":[{"@type":"WebPage","@id":"https:\/\/arclab-studio.com\/impressum\/","url":"https:\/\/arclab-studio.com\/impressum\/","name":"Impressum - Arclab - Mastering &amp; Sound Design","isPartOf":{"@id":"https:\/\/arclab-studio.com\/#website"},"datePublished":"2018-01-11T18:39:19+00:00","dateModified":"2024-07-15T11:06:25+00:00","breadcrumb":{"@id":"https:\/\/arclab-studio.com\/impressum\/#breadcrumb"},"inLanguage":"en-US","potentialAction":[{"@type":"ReadAction","target":["https:\/\/arclab-studio.com\/impressum\/"]}]},{"@type":"BreadcrumbList","@id":"https:\/\/arclab-studio.com\/impressum\/#breadcrumb","itemListElement":[{"@type":"ListItem","position":1,"name":"Startseite","item":"https:\/\/arclab-studio.com\/"},{"@type":"ListItem","position":2,"name":"Impressum"}]},{"@type":"WebSite","@id":"https:\/\/arclab-studio.com\/#website","url":"https:\/\/arclab-studio.com\/","name":"Arclab - Mastering &amp; Sound Design","description":"Professionelles Tonstudio, spezialisiert auf Mastering, Sound Design &amp; Sprachaufnahmen. Handgemachtes analog Mastering durch echte R\u00f6hrentechnik und High-End Wandler mit mehr als 10 Jahren Erfahrung in der Musikbranche.","publisher":{"@id":"https:\/\/arclab-studio.com\/#organization"},"potentialAction":[{"@type":"SearchAction","target":{"@type":"EntryPoint","urlTemplate":"https:\/\/arclab-studio.com\/?s={search_term_string}"},"query-input":{"@type":"PropertyValueSpecification","valueRequired":true,"valueName":"search_term_string"}}],"inLanguage":"en-US"},{"@type":"Organization","@id":"https:\/\/arclab-studio.com\/#organization","name":"Arclab - Mastering & Sound Design","url":"https:\/\/arclab-studio.com\/","logo":{"@type":"ImageObject","inLanguage":"en-US","@id":"https:\/\/arclab-studio.com\/#\/schema\/logo\/image\/","url":"https:\/\/arclab-studio.com\/wp-content\/uploads\/Arclab-Website.png","contentUrl":"https:\/\/arclab-studio.com\/wp-content\/uploads\/Arclab-Website.png","width":329,"height":98,"caption":"Arclab - Mastering & Sound Design"},"image":{"@id":"https:\/\/arclab-studio.com\/#\/schema\/logo\/image\/"},"sameAs":["https:\/\/www.instagram.com\/arclab_mastering\/"]}]}},"_links":{"self":[{"href":"https:\/\/arclab-studio.com\/en\/wp-json\/wp\/v2\/pages\/334","targetHints":{"allow":["GET"]}}],"collection":[{"href":"https:\/\/arclab-studio.com\/en\/wp-json\/wp\/v2\/pages"}],"about":[{"href":"https:\/\/arclab-studio.com\/en\/wp-json\/wp\/v2\/types\/page"}],"author":[{"embeddable":true,"href":"https:\/\/arclab-studio.com\/en\/wp-json\/wp\/v2\/users\/1"}],"replies":[{"embeddable":true,"href":"https:\/\/arclab-studio.com\/en\/wp-json\/wp\/v2\/comments?post=334"}],"version-history":[{"count":0,"href":"https:\/\/arclab-studio.com\/en\/wp-json\/wp\/v2\/pages\/334\/revisions"}],"wp:attachment":[{"href":"https:\/\/arclab-studio.com\/en\/wp-json\/wp\/v2\/media?parent=334"}],"curies":[{"name":"wp","href":"https:\/\/api.w.org\/{rel}","templated":true}]}}